{"id":974,"date":"2022-04-18T02:04:01","date_gmt":"2022-04-18T02:04:01","guid":{"rendered":"https:\/\/demo.ovatheme.com\/yachbat\/?page_id=974"},"modified":"2026-03-11T14:51:05","modified_gmt":"2026-03-11T14:51:05","slug":"servicios","status":"publish","type":"page","link":"https:\/\/torrenauticcenter.com\/en\/servicios\/","title":{"rendered":"Services"},"content":{"rendered":"<div data-elementor-type=\"wp-page\" data-elementor-id=\"974\" class=\"elementor elementor-974\">\n\t\t\t\t\t\t<section class=\"elementor-section elementor-top-section elementor-element elementor-element-2e9bab9 elementor-section-boxed elementor-section-height-default elementor-section-height-default\" data-id=\"2e9bab9\" data-element_type=\"section\" data-e-type=\"section\">\n\t\t\t\t\t\t<div class=\"elementor-container elementor-column-gap-default\">\n\t\t\t\t\t<div class=\"elementor-column elementor-col-100 elementor-top-column elementor-element elementor-element-f5d7865\" data-id=\"f5d7865\" data-element_type=\"column\" data-e-type=\"column\">\n\t\t\t<div class=\"elementor-widget-wrap elementor-element-populated\">\n\t\t\t\t\t\t<div class=\"elementor-element elementor-element-b0c79be elementor-widget elementor-widget-heading\" data-id=\"b0c79be\" data-element_type=\"widget\" data-e-type=\"widget\" data-widget_type=\"heading.default\">\n\t\t\t\t<div class=\"elementor-widget-container\">\n\t\t\t\t\t<h2 class=\"elementor-heading-title elementor-size-default\">We have what you need<\/h2>\t\t\t\t<\/div>\n\t\t\t\t<\/div>\n\t\t\t\t\t<\/div>\n\t\t<\/div>\n\t\t\t\t\t<\/div>\n\t\t<\/section>\n\t\t<div class=\"elementor-element elementor-element-4913f53 e-flex e-con-boxed e-con e-parent\" data-id=\"4913f53\" data-element_type=\"container\" data-e-type=\"container\">\n\t\t\t\t\t<div class=\"e-con-inner\">\n\t\t<div class=\"elementor-element elementor-element-57b1c9d e-con-full e-flex e-con e-child\" data-id=\"57b1c9d\" data-element_type=\"container\" data-e-type=\"container\">\n\t\t\t\t<div class=\"elementor-element elementor-element-eed3a6d elementor-widget elementor-widget-heading\" data-id=\"eed3a6d\" data-element_type=\"widget\" data-e-type=\"widget\" data-widget_type=\"heading.default\">\n\t\t\t\t<div class=\"elementor-widget-container\">\n\t\t\t\t\t<h3 class=\"elementor-heading-title elementor-size-default\">Winter storage service<\/h3>\t\t\t\t<\/div>\n\t\t\t\t<\/div>\n\t\t\t\t<div class=\"elementor-element elementor-element-155776d elementor-widget elementor-widget-text-editor\" data-id=\"155776d\" data-element_type=\"widget\" data-e-type=\"widget\" data-widget_type=\"text-editor.default\">\n\t\t\t\t<div class=\"elementor-widget-container\">\n\t\t\t\t\t\t\t\t\t<p style=\"text-align: justify;\">At Torrenautic Centre, your boat will receive a comprehensive winter storage service, from collection at the port if you wish, to its subsequent delivery. We winterise motor boats, dinghies, jet skis, trailers, etc. We have fully enclosed and secure facilities where your boat will be protected from the weather or any unforeseen events, if you do not have time to visit your boat often or do not live in Torrevieja.<br \/>Invernar su embarcaci\u00f3n le permitir\u00e1 un considerable ahorro tanto en los costes de punto de amarre como los originados por la constante degradaci\u00f3n de los materiales por el contacto con el agua del mar, alargando de esta manera la vida de su embarcaci\u00f3n.<\/p><p style=\"text-align: justify;\">Once at our facilities, we will carry out the necessary treatments for optimal maintenance of the engines until the following season, including routine battery checks and subsequent de-winterisation. We can also clean the hull, polish it and apply antifouling if you wish, in addition to any other repairs that may be necessary. Furthermore, for winter storage lasting more than three months, the cleaning service upon departure from our facilities is included in the price.<\/p><p style=\"text-align: justify;\">Ask us for a quote with no obligation.<\/p>\t\t\t\t\t\t\t\t<\/div>\n\t\t\t\t<\/div>\n\t\t\t\t<\/div>\n\t\t<div class=\"elementor-element elementor-element-aee4048 e-con-full e-flex e-con e-child\" data-id=\"aee4048\" data-element_type=\"container\" data-e-type=\"container\">\n\t\t\t\t<div class=\"elementor-element elementor-element-037c5c7 elementor-widget elementor-widget-heading\" data-id=\"037c5c7\" data-element_type=\"widget\" data-e-type=\"widget\" data-widget_type=\"heading.default\">\n\t\t\t\t<div class=\"elementor-widget-container\">\n\t\t\t\t\t<h3 class=\"elementor-heading-title elementor-size-default\">Boat maintenance service<\/h3>\t\t\t\t<\/div>\n\t\t\t\t<\/div>\n\t\t\t\t<div class=\"elementor-element elementor-element-5985a17 elementor-widget elementor-widget-text-editor\" data-id=\"5985a17\" data-element_type=\"widget\" data-e-type=\"widget\" data-widget_type=\"text-editor.default\">\n\t\t\t\t<div class=\"elementor-widget-container\">\n\t\t\t\t\t\t\t\t\t<p style=\"text-align: justify;\">At Torrenautic Centre, we offer you the possibility of keeping your boat in perfect condition while you are unable to do so yourself, or as a supplement to your own care. This service can be provided on a monthly basis or on an ad hoc basis according to previously agreed dates. We offer a maintenance service tailored to your needs, including mechanical and electrical work, as well as interior and exterior cleaning. At Torrenautic, we believe that the key to improving the life of your boat lies in carrying out regular maintenance, thus avoiding possible future breakdowns.<\/p><p style=\"text-align: justify;\">If you are interested in this option, we can provide you with a quote. Please do not hesitate to contact us.<\/p>\t\t\t\t\t\t\t\t<\/div>\n\t\t\t\t<\/div>\n\t\t\t\t<\/div>\n\t\t\t\t\t<\/div>\n\t\t\t\t<\/div>\n\t\t<div class=\"elementor-element elementor-element-2113469 e-flex e-con-boxed e-con e-parent\" data-id=\"2113469\" data-element_type=\"container\" data-e-type=\"container\">\n\t\t\t\t\t<div class=\"e-con-inner\">\n\t\t<div class=\"elementor-element elementor-element-5504732 e-con-full e-flex e-con e-child\" data-id=\"5504732\" data-element_type=\"container\" data-e-type=\"container\">\n\t\t\t\t<div class=\"elementor-element elementor-element-54ab853 elementor-widget elementor-widget-heading\" data-id=\"54ab853\" data-element_type=\"widget\" data-e-type=\"widget\" data-widget_type=\"heading.default\">\n\t\t\t\t<div class=\"elementor-widget-container\">\n\t\t\t\t\t<h3 class=\"elementor-heading-title elementor-size-default\">Safety<\/h3>\t\t\t\t<\/div>\n\t\t\t\t<\/div>\n\t\t\t\t<div class=\"elementor-element elementor-element-1c7bc84 elementor-widget elementor-widget-text-editor\" data-id=\"1c7bc84\" data-element_type=\"widget\" data-e-type=\"widget\" data-widget_type=\"text-editor.default\">\n\t\t\t\t<div class=\"elementor-widget-container\">\n\t\t\t\t\t\t\t\t\t<p style=\"text-align: justify;\">We prepare your vessel for ITB inspection, check nautical equipment, service and maintain fire extinguishers, pyrotechnic equipment, sell life jackets and lifebuoys, etc.<\/p>\t\t\t\t\t\t\t\t<\/div>\n\t\t\t\t<\/div>\n\t\t\t\t<\/div>\n\t\t<div class=\"elementor-element elementor-element-be76006 e-con-full e-flex e-con e-child\" data-id=\"be76006\" data-element_type=\"container\" data-e-type=\"container\">\n\t\t\t\t<div class=\"elementor-element elementor-element-809b81e elementor-widget elementor-widget-heading\" data-id=\"809b81e\" data-element_type=\"widget\" data-e-type=\"widget\" data-widget_type=\"heading.default\">\n\t\t\t\t<div class=\"elementor-widget-container\">\n\t\t\t\t\t<h3 class=\"elementor-heading-title elementor-size-default\">Electronics<\/h3>\t\t\t\t<\/div>\n\t\t\t\t<\/div>\n\t\t\t\t<div class=\"elementor-element elementor-element-98bff93 elementor-widget elementor-widget-text-editor\" data-id=\"98bff93\" data-element_type=\"widget\" data-e-type=\"widget\" data-widget_type=\"text-editor.default\">\n\t\t\t\t<div class=\"elementor-widget-container\">\n\t\t\t\t\t\t\t\t\t<p style=\"text-align: justify;\">At Torrenautic, we offer a wide variety of electronic equipment to make navigation easier, including portable and fixed GPS devices, radar, plotters, VHF radios, autopilots, instrumentation, radio beacons, depth sounders, etc. from leading brands such as Raymarine, Garmin, Furuno, Gme, Ais, Mastervolt, Sportnav, etc. Tell us what you need and we will provide you with solutions.<\/p>\t\t\t\t\t\t\t\t<\/div>\n\t\t\t\t<\/div>\n\t\t\t\t<\/div>\n\t\t\t\t\t<\/div>\n\t\t\t\t<\/div>\n\t\t<div class=\"elementor-element elementor-element-0b34c1b e-flex e-con-boxed e-con e-parent\" data-id=\"0b34c1b\" data-element_type=\"container\" data-e-type=\"container\">\n\t\t\t\t\t<div class=\"e-con-inner\">\n\t\t\t\t\t<\/div>\n\t\t\t\t<\/div>\n\t\t\t\t<\/div>","protected":false},"excerpt":{"rendered":"<p>Tenemos lo que necesita Servicio de invernaje En Torrenautic center su embarcaci\u00f3n dispondr\u00e1 de un servicio de invernaje completo, desde la recogida, en el puerto si as\u00ed lo desea, hasta su posterior entrega. Invernamos barcos a motor, vela ligera, motos de agua, remolques etc. Disponemos de instalaciones completamente cerradas y seguras, donde su embarcaci\u00f3n estar\u00e1 [&hellip;]<\/p>\n","protected":false},"author":1,"featured_media":0,"parent":0,"menu_order":0,"comment_status":"closed","ping_status":"closed","template":"elementor_header_footer","meta":{"_vp_format_video_url":"","_vp_image_focal_point":[],"footnotes":""},"class_list":["post-974","page","type-page","status-publish","hentry"],"_links":{"self":[{"href":"https:\/\/torrenauticcenter.com\/en\/wp-json\/wp\/v2\/pages\/974","targetHints":{"allow":["GET"]}}],"collection":[{"href":"https:\/\/torrenauticcenter.com\/en\/wp-json\/wp\/v2\/pages"}],"about":[{"href":"https:\/\/torrenauticcenter.com\/en\/wp-json\/wp\/v2\/types\/page"}],"author":[{"embeddable":true,"href":"https:\/\/torrenauticcenter.com\/en\/wp-json\/wp\/v2\/users\/1"}],"replies":[{"embeddable":true,"href":"https:\/\/torrenauticcenter.com\/en\/wp-json\/wp\/v2\/comments?post=974"}],"version-history":[{"count":38,"href":"https:\/\/torrenauticcenter.com\/en\/wp-json\/wp\/v2\/pages\/974\/revisions"}],"predecessor-version":[{"id":6390,"href":"https:\/\/torrenauticcenter.com\/en\/wp-json\/wp\/v2\/pages\/974\/revisions\/6390"}],"wp:attachment":[{"href":"https:\/\/torrenauticcenter.com\/en\/wp-json\/wp\/v2\/media?parent=974"}],"curies":[{"name":"wp","href":"https:\/\/api.w.org\/{rel}","templated":true}]}}